{"id":3,"date":"2020-10-02T12:36:19","date_gmt":"2020-10-02T10:36:19","guid":{"rendered":"http:\/\/abna.fr\/?page_id=3"},"modified":"2021-04-27T11:34:17","modified_gmt":"2021-04-27T09:34:17","slug":"mentions-legales","status":"publish","type":"page","link":"https:\/\/abna.fr\/?page_id=3","title":{"rendered":"Mentions l\u00e9gales"},"content":{"rendered":"\n<p>L\u2019adresse de ce site Web est\u00a0: https:\/\/www.abna.fr.<\/p>\n\n\n\n<p>D\u00e9nomination sociale : ABNA<\/p>\n\n\n\n<p>Forme juridique :<\/p>\n\n\n\n<p>Adresse : 9 rue Charles Le Goffic 29250 Saint Pol De Leon<\/p>\n\n\n\n<p>RCS : BREST<\/p>\n\n\n\n<p>SIRET : 893397869 00015<\/p>\n\n\n\n<p>SIREN :<\/p>\n\n\n\n<p>N\u00b0TVA : <\/p>\n\n\n\n<p>La marque ABNA est d\u00e9pos\u00e9e INPI ainsi que tous les designs et logo sous le num\u00e9ro 20 4 687 692<\/p>\n\n\n\n<h2 class=\"wp-block-heading\">Utilisation et transmission de vos donn\u00e9es personnelles<\/h2>\n\n\n\n<p>Toutes les informations de votre compte ne sont utilis\u00e9es que dans le cadre de votre relation commerciale avec www.abna.fr. Ces informations ne sont jamais partag\u00e9es avec des tiers ou revendues. Conform\u00e9ment aux dispositions de la loi n\u00b0 78-17 du 6 janvier 1978 relative \u00e0 l\u2019informatique, aux fichiers et aux libert\u00e9s, le site a fait l\u2019objet d\u2019une d\u00e9claration \u00e0 la CNIL (Commission Nationale Informatique et Libert\u00e9s), sous le N\u00b0 1517135 v 0.<\/p>\n\n\n\n<h2 class=\"wp-block-heading\">Les droits que vous avez sur vos donn\u00e9es<\/h2>\n\n\n\n<p>Si vous avez laiss\u00e9 des donn\u00e9es sur le site, vous pouvez demander \u00e0 recevoir un fichier contenant toutes les donn\u00e9es personnelles que nous poss\u00e9dons \u00e0 votre sujet, incluant celles que vous nous avez fournies. Vous pouvez \u00e9galement demander la suppression des donn\u00e9es personnelles vous concernant. Cela ne prend pas en compte les donn\u00e9es stock\u00e9es \u00e0 des fins administratives, l\u00e9gales ou pour des raisons de s\u00e9curit\u00e9.<\/p>\n","protected":false},"excerpt":{"rendered":"<p>L\u2019adresse de ce site Web est\u00a0: https:\/\/www.abna.fr. D\u00e9nomination sociale : ABNA Forme juridique : Adresse : 9 rue Charles Le Goffic 29250 Saint Pol De Leon RCS : BREST SIRET : 893397869 00015 SIREN : N\u00b0TVA : La marque ABNA est d\u00e9pos\u00e9e INPI ainsi que tous les designs et logo sous le num\u00e9ro 20 4 &hellip;<\/p>\n<p class=\"read-more\"> <a class=\"\" href=\"https:\/\/abna.fr\/?page_id=3\"> <span class=\"screen-reader-text\">Mentions l\u00e9gales<\/span> Lire la suite\u00a0\u00bb<\/a><\/p>\n","protected":false},"author":1,"featured_media":0,"parent":0,"menu_order":0,"comment_status":"closed","ping_status":"closed","template":"","meta":{"_monsterinsights_skip_tracking":false,"_monsterinsights_sitenote_active":false,"_monsterinsights_sitenote_note":"","_monsterinsights_sitenote_category":0,"site-sidebar-layout":"default","site-content-layout":"default","ast-global-header-display":"","ast-main-header-display":"","ast-hfb-above-header-display":"","ast-hfb-below-header-display":"","ast-hfb-mobile-header-display":"","site-post-title":"","ast-breadcrumbs-content":"","ast-featured-img":"","footer-sml-layout":"","theme-transparent-header-meta":"default","adv-header-id-meta":"","stick-header-meta":"","header-above-stick-meta":"","header-main-stick-meta":"","header-below-stick-meta":"","footnotes":""},"class_list":["post-3","page","type-page","status-publish","hentry"],"yoast_head":"<!-- This site is optimized with the Yoast SEO plugin v24.9 - https:\/\/yoast.com\/wordpress\/plugins\/seo\/ -->\n<title>Mentions l\u00e9gales - ABNA<\/title>\n<meta name=\"robots\" content=\"index, follow, max-snippet:-1, max-image-preview:large, max-video-preview:-1\" \/>\n<link rel=\"canonical\" href=\"https:\/\/abna.fr\/?page_id=3\" \/>\n<meta property=\"og:locale\" content=\"fr_FR\" \/>\n<meta property=\"og:type\" content=\"article\" \/>\n<meta property=\"og:title\" content=\"Mentions l\u00e9gales - ABNA\" \/>\n<meta property=\"og:description\" content=\"L\u2019adresse de ce site Web est\u00a0: https:\/\/www.abna.fr. D\u00e9nomination sociale : ABNA Forme juridique : Adresse : 9 rue Charles Le Goffic 29250 Saint Pol De Leon RCS : BREST SIRET : 893397869 00015 SIREN : N\u00b0TVA : La marque ABNA est d\u00e9pos\u00e9e INPI ainsi que tous les designs et logo sous le num\u00e9ro 20 4 &hellip; Mentions l\u00e9gales Lire la suite\u00a0\u00bb\" \/>\n<meta property=\"og:url\" content=\"https:\/\/abna.fr\/?page_id=3\" \/>\n<meta property=\"og:site_name\" content=\"ABNA\" \/>\n<meta property=\"article:publisher\" content=\"https:\/\/www.facebook.com\/abna1305\" \/>\n<meta property=\"article:modified_time\" content=\"2021-04-27T09:34:17+00:00\" \/>\n<meta name=\"twitter:card\" content=\"summary_large_image\" \/>\n<meta name=\"twitter:label1\" content=\"Dur\u00e9e de lecture estim\u00e9e\" \/>\n\t<meta name=\"twitter:data1\" content=\"1 minute\" \/>\n<script type=\"application\/ld+json\" class=\"yoast-schema-graph\">{\"@context\":\"https:\/\/schema.org\",\"@graph\":[{\"@type\":\"WebPage\",\"@id\":\"https:\/\/abna.fr\/?page_id=3\",\"url\":\"https:\/\/abna.fr\/?page_id=3\",\"name\":\"Mentions l\u00e9gales - ABNA\",\"isPartOf\":{\"@id\":\"https:\/\/abna.fr\/#website\"},\"datePublished\":\"2020-10-02T10:36:19+00:00\",\"dateModified\":\"2021-04-27T09:34:17+00:00\",\"breadcrumb\":{\"@id\":\"https:\/\/abna.fr\/?page_id=3#breadcrumb\"},\"inLanguage\":\"fr-FR\",\"potentialAction\":[{\"@type\":\"ReadAction\",\"target\":[\"https:\/\/abna.fr\/?page_id=3\"]}]},{\"@type\":\"BreadcrumbList\",\"@id\":\"https:\/\/abna.fr\/?page_id=3#breadcrumb\",\"itemListElement\":[{\"@type\":\"ListItem\",\"position\":1,\"name\":\"Accueil\",\"item\":\"https:\/\/abna.fr\/\"},{\"@type\":\"ListItem\",\"position\":2,\"name\":\"Mentions l\u00e9gales\"}]},{\"@type\":\"WebSite\",\"@id\":\"https:\/\/abna.fr\/#website\",\"url\":\"https:\/\/abna.fr\/\",\"name\":\"ABNA\",\"description\":\"ABNA est une marque de v\u00eatements fran\u00e7aise garantissant des textiles de qualit\u00e9.\",\"publisher\":{\"@id\":\"https:\/\/abna.fr\/#organization\"},\"potentialAction\":[{\"@type\":\"SearchAction\",\"target\":{\"@type\":\"EntryPoint\",\"urlTemplate\":\"https:\/\/abna.fr\/?s={search_term_string}\"},\"query-input\":{\"@type\":\"PropertyValueSpecification\",\"valueRequired\":true,\"valueName\":\"search_term_string\"}}],\"inLanguage\":\"fr-FR\"},{\"@type\":\"Organization\",\"@id\":\"https:\/\/abna.fr\/#organization\",\"name\":\"ABNA\",\"url\":\"https:\/\/abna.fr\/\",\"logo\":{\"@type\":\"ImageObject\",\"inLanguage\":\"fr-FR\",\"@id\":\"https:\/\/abna.fr\/#\/schema\/logo\/image\/\",\"url\":\"https:\/\/abna.fr\/wp-content\/uploads\/2020\/10\/logofinalprot\u00e9g\u00e9.png\",\"contentUrl\":\"https:\/\/abna.fr\/wp-content\/uploads\/2020\/10\/logofinalprot\u00e9g\u00e9.png\",\"width\":3914,\"height\":3819,\"caption\":\"ABNA\"},\"image\":{\"@id\":\"https:\/\/abna.fr\/#\/schema\/logo\/image\/\"},\"sameAs\":[\"https:\/\/www.facebook.com\/abna1305\",\"https:\/\/www.instagram.com\/abnaoff\/\"]}]}<\/script>\n<!-- \/ Yoast SEO plugin. -->","yoast_head_json":{"title":"Mentions l\u00e9gales - ABNA","robots":{"index":"index","follow":"follow","max-snippet":"max-snippet:-1","max-image-preview":"max-image-preview:large","max-video-preview":"max-video-preview:-1"},"canonical":"https:\/\/abna.fr\/?page_id=3","og_locale":"fr_FR","og_type":"article","og_title":"Mentions l\u00e9gales - ABNA","og_description":"L\u2019adresse de ce site Web est\u00a0: https:\/\/www.abna.fr. D\u00e9nomination sociale : ABNA Forme juridique : Adresse : 9 rue Charles Le Goffic 29250 Saint Pol De Leon RCS : BREST SIRET : 893397869 00015 SIREN : N\u00b0TVA : La marque ABNA est d\u00e9pos\u00e9e INPI ainsi que tous les designs et logo sous le num\u00e9ro 20 4 &hellip; Mentions l\u00e9gales Lire la suite\u00a0\u00bb","og_url":"https:\/\/abna.fr\/?page_id=3","og_site_name":"ABNA","article_publisher":"https:\/\/www.facebook.com\/abna1305","article_modified_time":"2021-04-27T09:34:17+00:00","twitter_card":"summary_large_image","twitter_misc":{"Dur\u00e9e de lecture estim\u00e9e":"1 minute"},"schema":{"@context":"https:\/\/schema.org","@graph":[{"@type":"WebPage","@id":"https:\/\/abna.fr\/?page_id=3","url":"https:\/\/abna.fr\/?page_id=3","name":"Mentions l\u00e9gales - ABNA","isPartOf":{"@id":"https:\/\/abna.fr\/#website"},"datePublished":"2020-10-02T10:36:19+00:00","dateModified":"2021-04-27T09:34:17+00:00","breadcrumb":{"@id":"https:\/\/abna.fr\/?page_id=3#breadcrumb"},"inLanguage":"fr-FR","potentialAction":[{"@type":"ReadAction","target":["https:\/\/abna.fr\/?page_id=3"]}]},{"@type":"BreadcrumbList","@id":"https:\/\/abna.fr\/?page_id=3#breadcrumb","itemListElement":[{"@type":"ListItem","position":1,"name":"Accueil","item":"https:\/\/abna.fr\/"},{"@type":"ListItem","position":2,"name":"Mentions l\u00e9gales"}]},{"@type":"WebSite","@id":"https:\/\/abna.fr\/#website","url":"https:\/\/abna.fr\/","name":"ABNA","description":"ABNA est une marque de v\u00eatements fran\u00e7aise garantissant des textiles de qualit\u00e9.","publisher":{"@id":"https:\/\/abna.fr\/#organization"},"potentialAction":[{"@type":"SearchAction","target":{"@type":"EntryPoint","urlTemplate":"https:\/\/abna.fr\/?s={search_term_string}"},"query-input":{"@type":"PropertyValueSpecification","valueRequired":true,"valueName":"search_term_string"}}],"inLanguage":"fr-FR"},{"@type":"Organization","@id":"https:\/\/abna.fr\/#organization","name":"ABNA","url":"https:\/\/abna.fr\/","logo":{"@type":"ImageObject","inLanguage":"fr-FR","@id":"https:\/\/abna.fr\/#\/schema\/logo\/image\/","url":"https:\/\/abna.fr\/wp-content\/uploads\/2020\/10\/logofinalprot\u00e9g\u00e9.png","contentUrl":"https:\/\/abna.fr\/wp-content\/uploads\/2020\/10\/logofinalprot\u00e9g\u00e9.png","width":3914,"height":3819,"caption":"ABNA"},"image":{"@id":"https:\/\/abna.fr\/#\/schema\/logo\/image\/"},"sameAs":["https:\/\/www.facebook.com\/abna1305","https:\/\/www.instagram.com\/abnaoff\/"]}]}},"_links":{"self":[{"href":"https:\/\/abna.fr\/index.php?rest_route=\/wp\/v2\/pages\/3","targetHints":{"allow":["GET"]}}],"collection":[{"href":"https:\/\/abna.fr\/index.php?rest_route=\/wp\/v2\/pages"}],"about":[{"href":"https:\/\/abna.fr\/index.php?rest_route=\/wp\/v2\/types\/page"}],"author":[{"embeddable":true,"href":"https:\/\/abna.fr\/index.php?rest_route=\/wp\/v2\/users\/1"}],"replies":[{"embeddable":true,"href":"https:\/\/abna.fr\/index.php?rest_route=%2Fwp%2Fv2%2Fcomments&post=3"}],"version-history":[{"count":4,"href":"https:\/\/abna.fr\/index.php?rest_route=\/wp\/v2\/pages\/3\/revisions"}],"predecessor-version":[{"id":157,"href":"https:\/\/abna.fr\/index.php?rest_route=\/wp\/v2\/pages\/3\/revisions\/157"}],"wp:attachment":[{"href":"https:\/\/abna.fr\/index.php?rest_route=%2Fwp%2Fv2%2Fmedia&parent=3"}],"curies":[{"name":"wp","href":"https:\/\/api.w.org\/{rel}","templated":true}]}}