{"id":1013,"date":"2022-10-25T20:04:23","date_gmt":"2022-10-25T18:04:23","guid":{"rendered":"https:\/\/abna.fr\/?post_type=product&#038;p=1013"},"modified":"2024-01-18T19:45:46","modified_gmt":"2024-01-18T18:45:46","slug":"coupe-vent-kangourou-2","status":"publish","type":"product","link":"https:\/\/abna.fr\/?product=coupe-vent-kangourou-2","title":{"rendered":"Coupe-vent Kangourou"},"content":{"rendered":"<p><span style=\"font-weight: 400;\">Cette simple veste \u00e0 enfiler est id\u00e9al pour passer d&#8217;une saison \u00e0 l&#8217;autre \u2013 des \u00e9paules surcoup\u00e9es et une capuche avec col int\u00e9rieur et fermeture \u00e9clair assurent un confort optimal.<\/span><\/p>\n","protected":false},"excerpt":{"rendered":"<p>Cette simple veste \u00e0 enfiler est id\u00e9al pour passer d&#8217;une saison \u00e0 l&#8217;autre \u2013 des \u00e9paules surcoup\u00e9es et une capuche avec col int\u00e9rieur et fermeture \u00e9clair assurent un confort optimal.<\/p>\n","protected":false},"featured_media":1027,"comment_status":"open","ping_status":"closed","template":"","meta":{"_monsterinsights_skip_tracking":false,"_monsterinsights_sitenote_active":false,"_monsterinsights_sitenote_note":"","_monsterinsights_sitenote_category":0,"site-sidebar-layout":"default","site-content-layout":"default","ast-global-header-display":"","ast-main-header-display":"","ast-hfb-above-header-display":"","ast-hfb-below-header-display":"","ast-hfb-mobile-header-display":"","site-post-title":"","ast-breadcrumbs-content":"disabled","ast-featured-img":"","footer-sml-layout":"","theme-transparent-header-meta":"default","adv-header-id-meta":"","stick-header-meta":"","header-above-stick-meta":"","header-main-stick-meta":"","header-below-stick-meta":""},"product_cat":[35],"product_tag":[],"class_list":{"0":"post-1013","1":"product","2":"type-product","3":"status-publish","4":"has-post-thumbnail","6":"product_cat-collection-2023","7":"desktop-align-left","8":"tablet-align-left","9":"mobile-align-left","11":"first","12":"instock","13":"shipping-taxable","14":"purchasable","15":"product-type-simple"},"yoast_head":"<!-- This site is optimized with the Yoast SEO plugin v24.9 - https:\/\/yoast.com\/wordpress\/plugins\/seo\/ -->\n<title>Coupe-vent Kangourou - ABNA<\/title>\n<meta name=\"robots\" content=\"index, follow, max-snippet:-1, max-image-preview:large, max-video-preview:-1\" \/>\n<link rel=\"canonical\" href=\"https:\/\/abna.fr\/?product=coupe-vent-kangourou-2\" \/>\n<meta property=\"og:locale\" content=\"fr_FR\" \/>\n<meta property=\"og:type\" content=\"article\" \/>\n<meta property=\"og:title\" content=\"Coupe-vent Kangourou - ABNA\" \/>\n<meta property=\"og:description\" content=\"Cette simple veste \u00e0 enfiler est id\u00e9al pour passer d&#8217;une saison \u00e0 l&#8217;autre \u2013 des \u00e9paules surcoup\u00e9es et une capuche avec col int\u00e9rieur et fermeture \u00e9clair assurent un confort optimal.\" \/>\n<meta property=\"og:url\" content=\"https:\/\/abna.fr\/?product=coupe-vent-kangourou-2\" \/>\n<meta property=\"og:site_name\" content=\"ABNA\" \/>\n<meta property=\"article:publisher\" content=\"https:\/\/www.facebook.com\/abna1305\" \/>\n<meta property=\"article:modified_time\" content=\"2024-01-18T18:45:46+00:00\" \/>\n<meta property=\"og:image\" content=\"https:\/\/abna.fr\/wp-content\/uploads\/2022\/10\/image00004.jpeg\" \/>\n\t<meta property=\"og:image:width\" content=\"1440\" \/>\n\t<meta property=\"og:image:height\" content=\"1800\" \/>\n\t<meta property=\"og:image:type\" content=\"image\/jpeg\" \/>\n<meta name=\"twitter:card\" content=\"summary_large_image\" \/>\n<meta name=\"twitter:label1\" content=\"Dur\u00e9e de lecture estim\u00e9e\" \/>\n\t<meta name=\"twitter:data1\" content=\"1 minute\" \/>\n<script type=\"application\/ld+json\" class=\"yoast-schema-graph\">{\"@context\":\"https:\/\/schema.org\",\"@graph\":[{\"@type\":\"WebPage\",\"@id\":\"https:\/\/abna.fr\/?product=coupe-vent-kangourou-2\",\"url\":\"https:\/\/abna.fr\/?product=coupe-vent-kangourou-2\",\"name\":\"Coupe-vent Kangourou - ABNA\",\"isPartOf\":{\"@id\":\"https:\/\/abna.fr\/#website\"},\"primaryImageOfPage\":{\"@id\":\"https:\/\/abna.fr\/?product=coupe-vent-kangourou-2#primaryimage\"},\"image\":{\"@id\":\"https:\/\/abna.fr\/?product=coupe-vent-kangourou-2#primaryimage\"},\"thumbnailUrl\":\"https:\/\/abna.fr\/wp-content\/uploads\/2022\/10\/image00004.jpeg\",\"datePublished\":\"2022-10-25T18:04:23+00:00\",\"dateModified\":\"2024-01-18T18:45:46+00:00\",\"breadcrumb\":{\"@id\":\"https:\/\/abna.fr\/?product=coupe-vent-kangourou-2#breadcrumb\"},\"inLanguage\":\"fr-FR\",\"potentialAction\":[{\"@type\":\"ReadAction\",\"target\":[\"https:\/\/abna.fr\/?product=coupe-vent-kangourou-2\"]}]},{\"@type\":\"ImageObject\",\"inLanguage\":\"fr-FR\",\"@id\":\"https:\/\/abna.fr\/?product=coupe-vent-kangourou-2#primaryimage\",\"url\":\"https:\/\/abna.fr\/wp-content\/uploads\/2022\/10\/image00004.jpeg\",\"contentUrl\":\"https:\/\/abna.fr\/wp-content\/uploads\/2022\/10\/image00004.jpeg\",\"width\":1440,\"height\":1800},{\"@type\":\"BreadcrumbList\",\"@id\":\"https:\/\/abna.fr\/?product=coupe-vent-kangourou-2#breadcrumb\",\"itemListElement\":[{\"@type\":\"ListItem\",\"position\":1,\"name\":\"Accueil\",\"item\":\"https:\/\/abna.fr\/\"},{\"@type\":\"ListItem\",\"position\":2,\"name\":\"Produits\",\"item\":\"https:\/\/abna.fr\/?post_type=product\"},{\"@type\":\"ListItem\",\"position\":3,\"name\":\"Coupe-vent Kangourou\"}]},{\"@type\":\"WebSite\",\"@id\":\"https:\/\/abna.fr\/#website\",\"url\":\"https:\/\/abna.fr\/\",\"name\":\"ABNA\",\"description\":\"ABNA est une marque de v\u00eatements fran\u00e7aise garantissant des textiles de qualit\u00e9.\",\"publisher\":{\"@id\":\"https:\/\/abna.fr\/#organization\"},\"potentialAction\":[{\"@type\":\"SearchAction\",\"target\":{\"@type\":\"EntryPoint\",\"urlTemplate\":\"https:\/\/abna.fr\/?s={search_term_string}\"},\"query-input\":{\"@type\":\"PropertyValueSpecification\",\"valueRequired\":true,\"valueName\":\"search_term_string\"}}],\"inLanguage\":\"fr-FR\"},{\"@type\":\"Organization\",\"@id\":\"https:\/\/abna.fr\/#organization\",\"name\":\"ABNA\",\"url\":\"https:\/\/abna.fr\/\",\"logo\":{\"@type\":\"ImageObject\",\"inLanguage\":\"fr-FR\",\"@id\":\"https:\/\/abna.fr\/#\/schema\/logo\/image\/\",\"url\":\"https:\/\/abna.fr\/wp-content\/uploads\/2020\/10\/logofinalprot\u00e9g\u00e9.png\",\"contentUrl\":\"https:\/\/abna.fr\/wp-content\/uploads\/2020\/10\/logofinalprot\u00e9g\u00e9.png\",\"width\":3914,\"height\":3819,\"caption\":\"ABNA\"},\"image\":{\"@id\":\"https:\/\/abna.fr\/#\/schema\/logo\/image\/\"},\"sameAs\":[\"https:\/\/www.facebook.com\/abna1305\",\"https:\/\/www.instagram.com\/abnaoff\/\"]}]}<\/script>\n<!-- \/ Yoast SEO plugin. -->","yoast_head_json":{"title":"Coupe-vent Kangourou - ABNA","robots":{"index":"index","follow":"follow","max-snippet":"max-snippet:-1","max-image-preview":"max-image-preview:large","max-video-preview":"max-video-preview:-1"},"canonical":"https:\/\/abna.fr\/?product=coupe-vent-kangourou-2","og_locale":"fr_FR","og_type":"article","og_title":"Coupe-vent Kangourou - ABNA","og_description":"Cette simple veste \u00e0 enfiler est id\u00e9al pour passer d&#8217;une saison \u00e0 l&#8217;autre \u2013 des \u00e9paules surcoup\u00e9es et une capuche avec col int\u00e9rieur et fermeture \u00e9clair assurent un confort optimal.","og_url":"https:\/\/abna.fr\/?product=coupe-vent-kangourou-2","og_site_name":"ABNA","article_publisher":"https:\/\/www.facebook.com\/abna1305","article_modified_time":"2024-01-18T18:45:46+00:00","og_image":[{"width":1440,"height":1800,"url":"https:\/\/abna.fr\/wp-content\/uploads\/2022\/10\/image00004.jpeg","type":"image\/jpeg"}],"twitter_card":"summary_large_image","twitter_misc":{"Dur\u00e9e de lecture estim\u00e9e":"1 minute"},"schema":{"@context":"https:\/\/schema.org","@graph":[{"@type":"WebPage","@id":"https:\/\/abna.fr\/?product=coupe-vent-kangourou-2","url":"https:\/\/abna.fr\/?product=coupe-vent-kangourou-2","name":"Coupe-vent Kangourou - ABNA","isPartOf":{"@id":"https:\/\/abna.fr\/#website"},"primaryImageOfPage":{"@id":"https:\/\/abna.fr\/?product=coupe-vent-kangourou-2#primaryimage"},"image":{"@id":"https:\/\/abna.fr\/?product=coupe-vent-kangourou-2#primaryimage"},"thumbnailUrl":"https:\/\/abna.fr\/wp-content\/uploads\/2022\/10\/image00004.jpeg","datePublished":"2022-10-25T18:04:23+00:00","dateModified":"2024-01-18T18:45:46+00:00","breadcrumb":{"@id":"https:\/\/abna.fr\/?product=coupe-vent-kangourou-2#breadcrumb"},"inLanguage":"fr-FR","potentialAction":[{"@type":"ReadAction","target":["https:\/\/abna.fr\/?product=coupe-vent-kangourou-2"]}]},{"@type":"ImageObject","inLanguage":"fr-FR","@id":"https:\/\/abna.fr\/?product=coupe-vent-kangourou-2#primaryimage","url":"https:\/\/abna.fr\/wp-content\/uploads\/2022\/10\/image00004.jpeg","contentUrl":"https:\/\/abna.fr\/wp-content\/uploads\/2022\/10\/image00004.jpeg","width":1440,"height":1800},{"@type":"BreadcrumbList","@id":"https:\/\/abna.fr\/?product=coupe-vent-kangourou-2#breadcrumb","itemListElement":[{"@type":"ListItem","position":1,"name":"Accueil","item":"https:\/\/abna.fr\/"},{"@type":"ListItem","position":2,"name":"Produits","item":"https:\/\/abna.fr\/?post_type=product"},{"@type":"ListItem","position":3,"name":"Coupe-vent Kangourou"}]},{"@type":"WebSite","@id":"https:\/\/abna.fr\/#website","url":"https:\/\/abna.fr\/","name":"ABNA","description":"ABNA est une marque de v\u00eatements fran\u00e7aise garantissant des textiles de qualit\u00e9.","publisher":{"@id":"https:\/\/abna.fr\/#organization"},"potentialAction":[{"@type":"SearchAction","target":{"@type":"EntryPoint","urlTemplate":"https:\/\/abna.fr\/?s={search_term_string}"},"query-input":{"@type":"PropertyValueSpecification","valueRequired":true,"valueName":"search_term_string"}}],"inLanguage":"fr-FR"},{"@type":"Organization","@id":"https:\/\/abna.fr\/#organization","name":"ABNA","url":"https:\/\/abna.fr\/","logo":{"@type":"ImageObject","inLanguage":"fr-FR","@id":"https:\/\/abna.fr\/#\/schema\/logo\/image\/","url":"https:\/\/abna.fr\/wp-content\/uploads\/2020\/10\/logofinalprot\u00e9g\u00e9.png","contentUrl":"https:\/\/abna.fr\/wp-content\/uploads\/2020\/10\/logofinalprot\u00e9g\u00e9.png","width":3914,"height":3819,"caption":"ABNA"},"image":{"@id":"https:\/\/abna.fr\/#\/schema\/logo\/image\/"},"sameAs":["https:\/\/www.facebook.com\/abna1305","https:\/\/www.instagram.com\/abnaoff\/"]}]}},"_links":{"self":[{"href":"https:\/\/abna.fr\/index.php?rest_route=\/wp\/v3\/product\/1013","targetHints":{"allow":["GET"]}}],"collection":[{"href":"https:\/\/abna.fr\/index.php?rest_route=\/wp\/v3\/product"}],"about":[{"href":"https:\/\/abna.fr\/index.php?rest_route=\/wp\/v2\/types\/product"}],"replies":[{"embeddable":true,"href":"https:\/\/abna.fr\/index.php?rest_route=%2Fwp%2Fv2%2Fcomments&post=1013"}],"wp:featuredmedia":[{"embeddable":true,"href":"https:\/\/abna.fr\/index.php?rest_route=\/wp\/v2\/media\/1027"}],"wp:attachment":[{"href":"https:\/\/abna.fr\/index.php?rest_route=%2Fwp%2Fv2%2Fmedia&parent=1013"}],"wp:term":[{"taxonomy":"product_cat","embeddable":true,"href":"https:\/\/abna.fr\/index.php?rest_route=%2Fwp%2Fv2%2Fproduct_cat&post=1013"},{"taxonomy":"product_tag","embeddable":true,"href":"https:\/\/abna.fr\/index.php?rest_route=%2Fwp%2Fv2%2Fproduct_tag&post=1013"}],"curies":[{"name":"wp","href":"https:\/\/api.w.org\/{rel}","templated":true}]}}