{"id":845,"date":"2022-10-15T16:09:05","date_gmt":"2022-10-15T14:09:05","guid":{"rendered":"https:\/\/abna.fr\/?post_type=product&#038;p=845"},"modified":"2023-07-31T14:39:24","modified_gmt":"2023-07-31T12:39:24","slug":"sac-brode-abna","status":"publish","type":"product","link":"https:\/\/abna.fr\/?product=sac-brode-abna","title":{"rendered":"Sac brod\u00e9 ABNA"},"content":{"rendered":"<p>100% polyester, fibre de prudence avec rev\u00eatement PVC<span class=\"Apple-converted-space\">\u00a0<\/span><\/p>\n<p>Avec un grand compartiment int\u00e9rieur et deux poches ouvertures \u00e0 l&#8217;ext\u00e9rieur, ce sac offre de l&#8217;espace pour tout, de l&#8217;\u00e9quipement sport \u00e0 l&#8217;essentiel pour la nuit. Avec une bandouill\u00e8re, deux sangles de transports et un mat\u00e9riau robuste d&#8217;aspect toile chin\u00e9e.<span class=\"Apple-converted-space\">\u00a0<\/span><\/p>\n","protected":false},"excerpt":{"rendered":"<p>100% polyester, fibre de prudence avec rev\u00eatement PVC\u00a0 Avec un grand compartiment int\u00e9rieur et deux poches ouvertures \u00e0 l&#8217;ext\u00e9rieur, ce sac offre de l&#8217;espace pour tout, de l&#8217;\u00e9quipement sport \u00e0 l&#8217;essentiel pour la nuit. Avec une bandouill\u00e8re, deux sangles de transports et un mat\u00e9riau robuste d&#8217;aspect toile chin\u00e9e.\u00a0<\/p>\n","protected":false},"featured_media":678,"comment_status":"open","ping_status":"closed","template":"","meta":{"_monsterinsights_skip_tracking":false,"_monsterinsights_sitenote_active":false,"_monsterinsights_sitenote_note":"","_monsterinsights_sitenote_category":0,"site-sidebar-layout":"default","site-content-layout":"default","ast-global-header-display":"","ast-main-header-display":"","ast-hfb-above-header-display":"","ast-hfb-below-header-display":"","ast-hfb-mobile-header-display":"","site-post-title":"","ast-breadcrumbs-content":"disabled","ast-featured-img":"","footer-sml-layout":"","theme-transparent-header-meta":"default","adv-header-id-meta":"","stick-header-meta":"","header-above-stick-meta":"","header-main-stick-meta":"","header-below-stick-meta":""},"product_cat":[35],"product_tag":[],"class_list":{"0":"post-845","1":"product","2":"type-product","3":"status-publish","4":"has-post-thumbnail","6":"product_cat-collection-2023","7":"desktop-align-left","8":"tablet-align-left","9":"mobile-align-left","11":"first","12":"instock","13":"shipping-taxable","14":"purchasable","15":"product-type-simple"},"yoast_head":"<!-- This site is optimized with the Yoast SEO plugin v24.9 - https:\/\/yoast.com\/wordpress\/plugins\/seo\/ -->\n<title>Sac brod\u00e9 ABNA - ABNA<\/title>\n<meta name=\"robots\" content=\"index, follow, max-snippet:-1, max-image-preview:large, max-video-preview:-1\" \/>\n<link rel=\"canonical\" href=\"https:\/\/abna.fr\/?product=sac-brode-abna\" \/>\n<meta property=\"og:locale\" content=\"fr_FR\" \/>\n<meta property=\"og:type\" content=\"article\" \/>\n<meta property=\"og:title\" content=\"Sac brod\u00e9 ABNA - ABNA\" \/>\n<meta property=\"og:description\" content=\"100% polyester, fibre de prudence avec rev\u00eatement PVC\u00a0 Avec un grand compartiment int\u00e9rieur et deux poches ouvertures \u00e0 l&#8217;ext\u00e9rieur, ce sac offre de l&#8217;espace pour tout, de l&#8217;\u00e9quipement sport \u00e0 l&#8217;essentiel pour la nuit. Avec une bandouill\u00e8re, deux sangles de transports et un mat\u00e9riau robuste d&#8217;aspect toile chin\u00e9e.\u00a0\" \/>\n<meta property=\"og:url\" content=\"https:\/\/abna.fr\/?product=sac-brode-abna\" \/>\n<meta property=\"og:site_name\" content=\"ABNA\" \/>\n<meta property=\"article:publisher\" content=\"https:\/\/www.facebook.com\/abna1305\" \/>\n<meta property=\"article:modified_time\" content=\"2023-07-31T12:39:24+00:00\" \/>\n<meta property=\"og:image\" content=\"https:\/\/abna.fr\/wp-content\/uploads\/2022\/09\/image00024-scaled.jpeg\" \/>\n\t<meta property=\"og:image:width\" content=\"1920\" \/>\n\t<meta property=\"og:image:height\" content=\"2560\" \/>\n\t<meta property=\"og:image:type\" content=\"image\/jpeg\" \/>\n<meta name=\"twitter:card\" content=\"summary_large_image\" \/>\n<meta name=\"twitter:label1\" content=\"Dur\u00e9e de lecture estim\u00e9e\" \/>\n\t<meta name=\"twitter:data1\" content=\"1 minute\" \/>\n<script type=\"application\/ld+json\" class=\"yoast-schema-graph\">{\"@context\":\"https:\/\/schema.org\",\"@graph\":[{\"@type\":\"WebPage\",\"@id\":\"https:\/\/abna.fr\/?product=sac-brode-abna\",\"url\":\"https:\/\/abna.fr\/?product=sac-brode-abna\",\"name\":\"Sac brod\u00e9 ABNA - ABNA\",\"isPartOf\":{\"@id\":\"https:\/\/abna.fr\/#website\"},\"primaryImageOfPage\":{\"@id\":\"https:\/\/abna.fr\/?product=sac-brode-abna#primaryimage\"},\"image\":{\"@id\":\"https:\/\/abna.fr\/?product=sac-brode-abna#primaryimage\"},\"thumbnailUrl\":\"https:\/\/abna.fr\/wp-content\/uploads\/2022\/09\/image00024-scaled-e1699257979622.jpeg\",\"datePublished\":\"2022-10-15T14:09:05+00:00\",\"dateModified\":\"2023-07-31T12:39:24+00:00\",\"breadcrumb\":{\"@id\":\"https:\/\/abna.fr\/?product=sac-brode-abna#breadcrumb\"},\"inLanguage\":\"fr-FR\",\"potentialAction\":[{\"@type\":\"ReadAction\",\"target\":[\"https:\/\/abna.fr\/?product=sac-brode-abna\"]}]},{\"@type\":\"ImageObject\",\"inLanguage\":\"fr-FR\",\"@id\":\"https:\/\/abna.fr\/?product=sac-brode-abna#primaryimage\",\"url\":\"https:\/\/abna.fr\/wp-content\/uploads\/2022\/09\/image00024-scaled-e1699257979622.jpeg\",\"contentUrl\":\"https:\/\/abna.fr\/wp-content\/uploads\/2022\/09\/image00024-scaled-e1699257979622.jpeg\",\"width\":1920,\"height\":2402},{\"@type\":\"BreadcrumbList\",\"@id\":\"https:\/\/abna.fr\/?product=sac-brode-abna#breadcrumb\",\"itemListElement\":[{\"@type\":\"ListItem\",\"position\":1,\"name\":\"Accueil\",\"item\":\"https:\/\/abna.fr\/\"},{\"@type\":\"ListItem\",\"position\":2,\"name\":\"Produits\",\"item\":\"https:\/\/abna.fr\/?post_type=product\"},{\"@type\":\"ListItem\",\"position\":3,\"name\":\"Sac brod\u00e9 ABNA\"}]},{\"@type\":\"WebSite\",\"@id\":\"https:\/\/abna.fr\/#website\",\"url\":\"https:\/\/abna.fr\/\",\"name\":\"ABNA\",\"description\":\"ABNA est une marque de v\u00eatements fran\u00e7aise garantissant des textiles de qualit\u00e9.\",\"publisher\":{\"@id\":\"https:\/\/abna.fr\/#organization\"},\"potentialAction\":[{\"@type\":\"SearchAction\",\"target\":{\"@type\":\"EntryPoint\",\"urlTemplate\":\"https:\/\/abna.fr\/?s={search_term_string}\"},\"query-input\":{\"@type\":\"PropertyValueSpecification\",\"valueRequired\":true,\"valueName\":\"search_term_string\"}}],\"inLanguage\":\"fr-FR\"},{\"@type\":\"Organization\",\"@id\":\"https:\/\/abna.fr\/#organization\",\"name\":\"ABNA\",\"url\":\"https:\/\/abna.fr\/\",\"logo\":{\"@type\":\"ImageObject\",\"inLanguage\":\"fr-FR\",\"@id\":\"https:\/\/abna.fr\/#\/schema\/logo\/image\/\",\"url\":\"https:\/\/abna.fr\/wp-content\/uploads\/2020\/10\/logofinalprot\u00e9g\u00e9.png\",\"contentUrl\":\"https:\/\/abna.fr\/wp-content\/uploads\/2020\/10\/logofinalprot\u00e9g\u00e9.png\",\"width\":3914,\"height\":3819,\"caption\":\"ABNA\"},\"image\":{\"@id\":\"https:\/\/abna.fr\/#\/schema\/logo\/image\/\"},\"sameAs\":[\"https:\/\/www.facebook.com\/abna1305\",\"https:\/\/www.instagram.com\/abnaoff\/\"]}]}<\/script>\n<!-- \/ Yoast SEO plugin. -->","yoast_head_json":{"title":"Sac brod\u00e9 ABNA - ABNA","robots":{"index":"index","follow":"follow","max-snippet":"max-snippet:-1","max-image-preview":"max-image-preview:large","max-video-preview":"max-video-preview:-1"},"canonical":"https:\/\/abna.fr\/?product=sac-brode-abna","og_locale":"fr_FR","og_type":"article","og_title":"Sac brod\u00e9 ABNA - ABNA","og_description":"100% polyester, fibre de prudence avec rev\u00eatement PVC\u00a0 Avec un grand compartiment int\u00e9rieur et deux poches ouvertures \u00e0 l&#8217;ext\u00e9rieur, ce sac offre de l&#8217;espace pour tout, de l&#8217;\u00e9quipement sport \u00e0 l&#8217;essentiel pour la nuit. Avec une bandouill\u00e8re, deux sangles de transports et un mat\u00e9riau robuste d&#8217;aspect toile chin\u00e9e.\u00a0","og_url":"https:\/\/abna.fr\/?product=sac-brode-abna","og_site_name":"ABNA","article_publisher":"https:\/\/www.facebook.com\/abna1305","article_modified_time":"2023-07-31T12:39:24+00:00","og_image":[{"width":1920,"height":2560,"url":"https:\/\/abna.fr\/wp-content\/uploads\/2022\/09\/image00024-scaled.jpeg","type":"image\/jpeg"}],"twitter_card":"summary_large_image","twitter_misc":{"Dur\u00e9e de lecture estim\u00e9e":"1 minute"},"schema":{"@context":"https:\/\/schema.org","@graph":[{"@type":"WebPage","@id":"https:\/\/abna.fr\/?product=sac-brode-abna","url":"https:\/\/abna.fr\/?product=sac-brode-abna","name":"Sac brod\u00e9 ABNA - ABNA","isPartOf":{"@id":"https:\/\/abna.fr\/#website"},"primaryImageOfPage":{"@id":"https:\/\/abna.fr\/?product=sac-brode-abna#primaryimage"},"image":{"@id":"https:\/\/abna.fr\/?product=sac-brode-abna#primaryimage"},"thumbnailUrl":"https:\/\/abna.fr\/wp-content\/uploads\/2022\/09\/image00024-scaled-e1699257979622.jpeg","datePublished":"2022-10-15T14:09:05+00:00","dateModified":"2023-07-31T12:39:24+00:00","breadcrumb":{"@id":"https:\/\/abna.fr\/?product=sac-brode-abna#breadcrumb"},"inLanguage":"fr-FR","potentialAction":[{"@type":"ReadAction","target":["https:\/\/abna.fr\/?product=sac-brode-abna"]}]},{"@type":"ImageObject","inLanguage":"fr-FR","@id":"https:\/\/abna.fr\/?product=sac-brode-abna#primaryimage","url":"https:\/\/abna.fr\/wp-content\/uploads\/2022\/09\/image00024-scaled-e1699257979622.jpeg","contentUrl":"https:\/\/abna.fr\/wp-content\/uploads\/2022\/09\/image00024-scaled-e1699257979622.jpeg","width":1920,"height":2402},{"@type":"BreadcrumbList","@id":"https:\/\/abna.fr\/?product=sac-brode-abna#breadcrumb","itemListElement":[{"@type":"ListItem","position":1,"name":"Accueil","item":"https:\/\/abna.fr\/"},{"@type":"ListItem","position":2,"name":"Produits","item":"https:\/\/abna.fr\/?post_type=product"},{"@type":"ListItem","position":3,"name":"Sac brod\u00e9 ABNA"}]},{"@type":"WebSite","@id":"https:\/\/abna.fr\/#website","url":"https:\/\/abna.fr\/","name":"ABNA","description":"ABNA est une marque de v\u00eatements fran\u00e7aise garantissant des textiles de qualit\u00e9.","publisher":{"@id":"https:\/\/abna.fr\/#organization"},"potentialAction":[{"@type":"SearchAction","target":{"@type":"EntryPoint","urlTemplate":"https:\/\/abna.fr\/?s={search_term_string}"},"query-input":{"@type":"PropertyValueSpecification","valueRequired":true,"valueName":"search_term_string"}}],"inLanguage":"fr-FR"},{"@type":"Organization","@id":"https:\/\/abna.fr\/#organization","name":"ABNA","url":"https:\/\/abna.fr\/","logo":{"@type":"ImageObject","inLanguage":"fr-FR","@id":"https:\/\/abna.fr\/#\/schema\/logo\/image\/","url":"https:\/\/abna.fr\/wp-content\/uploads\/2020\/10\/logofinalprot\u00e9g\u00e9.png","contentUrl":"https:\/\/abna.fr\/wp-content\/uploads\/2020\/10\/logofinalprot\u00e9g\u00e9.png","width":3914,"height":3819,"caption":"ABNA"},"image":{"@id":"https:\/\/abna.fr\/#\/schema\/logo\/image\/"},"sameAs":["https:\/\/www.facebook.com\/abna1305","https:\/\/www.instagram.com\/abnaoff\/"]}]}},"_links":{"self":[{"href":"https:\/\/abna.fr\/index.php?rest_route=\/wp\/v3\/product\/845","targetHints":{"allow":["GET"]}}],"collection":[{"href":"https:\/\/abna.fr\/index.php?rest_route=\/wp\/v3\/product"}],"about":[{"href":"https:\/\/abna.fr\/index.php?rest_route=\/wp\/v2\/types\/product"}],"replies":[{"embeddable":true,"href":"https:\/\/abna.fr\/index.php?rest_route=%2Fwp%2Fv2%2Fcomments&post=845"}],"wp:featuredmedia":[{"embeddable":true,"href":"https:\/\/abna.fr\/index.php?rest_route=\/wp\/v2\/media\/678"}],"wp:attachment":[{"href":"https:\/\/abna.fr\/index.php?rest_route=%2Fwp%2Fv2%2Fmedia&parent=845"}],"wp:term":[{"taxonomy":"product_cat","embeddable":true,"href":"https:\/\/abna.fr\/index.php?rest_route=%2Fwp%2Fv2%2Fproduct_cat&post=845"},{"taxonomy":"product_tag","embeddable":true,"href":"https:\/\/abna.fr\/index.php?rest_route=%2Fwp%2Fv2%2Fproduct_tag&post=845"}],"curies":[{"name":"wp","href":"https:\/\/api.w.org\/{rel}","templated":true}]}}