{"id":855,"date":"2022-10-23T14:34:16","date_gmt":"2022-10-23T12:34:16","guid":{"rendered":"https:\/\/abna.fr\/?post_type=product&#038;p=855"},"modified":"2026-01-31T18:45:44","modified_gmt":"2026-01-31T17:45:44","slug":"coupe-vent-kangourou","status":"publish","type":"product","link":"https:\/\/abna.fr\/?product=coupe-vent-kangourou","title":{"rendered":"Sweat Kangourou"},"content":{"rendered":"<p><span style=\"font-weight: 400;\">Si vous avez besoin de changer du sweat \u00e0 capuche classique, c&#8217;est exactement ce que vous recherchez \u2013 cordon de serrage \u00e0 la taille, sa poche kangourou sur la poitrine et sa capuche avec un col int\u00e9rieur, ce sweat \u00e0 capuche ressemble \u00e0 un coupe vent classique. Le m\u00e9lange de coton est doux et tr\u00e8s confortable.<\/span><\/p>\n","protected":false},"excerpt":{"rendered":"<p>Si vous avez besoin de changer du sweat \u00e0 capuche classique, c&#8217;est exactement ce que vous recherchez \u2013 cordon de serrage \u00e0 la taille, sa poche kangourou sur la poitrine et sa capuche avec un col int\u00e9rieur, ce sweat \u00e0 capuche ressemble \u00e0 un coupe vent classique. Le m\u00e9lange de coton est doux et tr\u00e8s &hellip;<\/p>\n<p class=\"read-more\"> <a class=\"\" href=\"https:\/\/abna.fr\/?product=coupe-vent-kangourou\"> <span class=\"screen-reader-text\">Sweat Kangourou<\/span> Lire la suite\u00a0\u00bb<\/a><\/p>\n","protected":false},"featured_media":687,"comment_status":"open","ping_status":"closed","template":"","meta":{"_monsterinsights_skip_tracking":false,"_monsterinsights_sitenote_active":false,"_monsterinsights_sitenote_note":"","_monsterinsights_sitenote_category":0,"site-sidebar-layout":"default","site-content-layout":"default","ast-global-header-display":"","ast-main-header-display":"","ast-hfb-above-header-display":"","ast-hfb-below-header-display":"","ast-hfb-mobile-header-display":"","site-post-title":"","ast-breadcrumbs-content":"disabled","ast-featured-img":"","footer-sml-layout":"","theme-transparent-header-meta":"default","adv-header-id-meta":"","stick-header-meta":"","header-above-stick-meta":"","header-main-stick-meta":"","header-below-stick-meta":""},"product_cat":[35],"product_tag":[],"class_list":{"0":"post-855","1":"product","2":"type-product","3":"status-publish","4":"has-post-thumbnail","6":"product_cat-collection-2023","7":"desktop-align-left","8":"tablet-align-left","9":"mobile-align-left","11":"first","12":"instock","13":"shipping-taxable","14":"purchasable","15":"product-type-simple"},"yoast_head":"<!-- This site is optimized with the Yoast SEO plugin v24.9 - https:\/\/yoast.com\/wordpress\/plugins\/seo\/ -->\n<title>Sweat Kangourou - ABNA<\/title>\n<meta name=\"robots\" content=\"index, follow, max-snippet:-1, max-image-preview:large, max-video-preview:-1\" \/>\n<link rel=\"canonical\" href=\"https:\/\/abna.fr\/?product=coupe-vent-kangourou\" \/>\n<meta property=\"og:locale\" content=\"fr_FR\" \/>\n<meta property=\"og:type\" content=\"article\" \/>\n<meta property=\"og:title\" content=\"Sweat Kangourou - ABNA\" \/>\n<meta property=\"og:description\" content=\"Si vous avez besoin de changer du sweat \u00e0 capuche classique, c&#8217;est exactement ce que vous recherchez \u2013 cordon de serrage \u00e0 la taille, sa poche kangourou sur la poitrine et sa capuche avec un col int\u00e9rieur, ce sweat \u00e0 capuche ressemble \u00e0 un coupe vent classique. Le m\u00e9lange de coton est doux et tr\u00e8s &hellip; Sweat Kangourou Lire la suite\u00a0\u00bb\" \/>\n<meta property=\"og:url\" content=\"https:\/\/abna.fr\/?product=coupe-vent-kangourou\" \/>\n<meta property=\"og:site_name\" content=\"ABNA\" \/>\n<meta property=\"article:publisher\" content=\"https:\/\/www.facebook.com\/abna1305\" \/>\n<meta property=\"article:modified_time\" content=\"2026-01-31T17:45:44+00:00\" \/>\n<meta property=\"og:image\" content=\"https:\/\/abna.fr\/wp-content\/uploads\/2022\/09\/image00033.jpeg\" \/>\n\t<meta property=\"og:image:width\" content=\"1200\" \/>\n\t<meta property=\"og:image:height\" content=\"1600\" \/>\n\t<meta property=\"og:image:type\" content=\"image\/jpeg\" \/>\n<meta name=\"twitter:card\" content=\"summary_large_image\" \/>\n<meta name=\"twitter:label1\" content=\"Dur\u00e9e de lecture estim\u00e9e\" \/>\n\t<meta name=\"twitter:data1\" content=\"1 minute\" \/>\n<script type=\"application\/ld+json\" class=\"yoast-schema-graph\">{\"@context\":\"https:\/\/schema.org\",\"@graph\":[{\"@type\":\"WebPage\",\"@id\":\"https:\/\/abna.fr\/?product=coupe-vent-kangourou\",\"url\":\"https:\/\/abna.fr\/?product=coupe-vent-kangourou\",\"name\":\"Sweat Kangourou - ABNA\",\"isPartOf\":{\"@id\":\"https:\/\/abna.fr\/#website\"},\"primaryImageOfPage\":{\"@id\":\"https:\/\/abna.fr\/?product=coupe-vent-kangourou#primaryimage\"},\"image\":{\"@id\":\"https:\/\/abna.fr\/?product=coupe-vent-kangourou#primaryimage\"},\"thumbnailUrl\":\"https:\/\/abna.fr\/wp-content\/uploads\/2022\/09\/image00033.jpeg\",\"datePublished\":\"2022-10-23T12:34:16+00:00\",\"dateModified\":\"2026-01-31T17:45:44+00:00\",\"breadcrumb\":{\"@id\":\"https:\/\/abna.fr\/?product=coupe-vent-kangourou#breadcrumb\"},\"inLanguage\":\"fr-FR\",\"potentialAction\":[{\"@type\":\"ReadAction\",\"target\":[\"https:\/\/abna.fr\/?product=coupe-vent-kangourou\"]}]},{\"@type\":\"ImageObject\",\"inLanguage\":\"fr-FR\",\"@id\":\"https:\/\/abna.fr\/?product=coupe-vent-kangourou#primaryimage\",\"url\":\"https:\/\/abna.fr\/wp-content\/uploads\/2022\/09\/image00033.jpeg\",\"contentUrl\":\"https:\/\/abna.fr\/wp-content\/uploads\/2022\/09\/image00033.jpeg\",\"width\":1200,\"height\":1600},{\"@type\":\"BreadcrumbList\",\"@id\":\"https:\/\/abna.fr\/?product=coupe-vent-kangourou#breadcrumb\",\"itemListElement\":[{\"@type\":\"ListItem\",\"position\":1,\"name\":\"Accueil\",\"item\":\"https:\/\/abna.fr\/\"},{\"@type\":\"ListItem\",\"position\":2,\"name\":\"Produits\",\"item\":\"https:\/\/abna.fr\/?post_type=product\"},{\"@type\":\"ListItem\",\"position\":3,\"name\":\"Sweat Kangourou\"}]},{\"@type\":\"WebSite\",\"@id\":\"https:\/\/abna.fr\/#website\",\"url\":\"https:\/\/abna.fr\/\",\"name\":\"ABNA\",\"description\":\"ABNA est une marque de v\u00eatements fran\u00e7aise garantissant des textiles de qualit\u00e9.\",\"publisher\":{\"@id\":\"https:\/\/abna.fr\/#organization\"},\"potentialAction\":[{\"@type\":\"SearchAction\",\"target\":{\"@type\":\"EntryPoint\",\"urlTemplate\":\"https:\/\/abna.fr\/?s={search_term_string}\"},\"query-input\":{\"@type\":\"PropertyValueSpecification\",\"valueRequired\":true,\"valueName\":\"search_term_string\"}}],\"inLanguage\":\"fr-FR\"},{\"@type\":\"Organization\",\"@id\":\"https:\/\/abna.fr\/#organization\",\"name\":\"ABNA\",\"url\":\"https:\/\/abna.fr\/\",\"logo\":{\"@type\":\"ImageObject\",\"inLanguage\":\"fr-FR\",\"@id\":\"https:\/\/abna.fr\/#\/schema\/logo\/image\/\",\"url\":\"https:\/\/abna.fr\/wp-content\/uploads\/2020\/10\/logofinalprot\u00e9g\u00e9.png\",\"contentUrl\":\"https:\/\/abna.fr\/wp-content\/uploads\/2020\/10\/logofinalprot\u00e9g\u00e9.png\",\"width\":3914,\"height\":3819,\"caption\":\"ABNA\"},\"image\":{\"@id\":\"https:\/\/abna.fr\/#\/schema\/logo\/image\/\"},\"sameAs\":[\"https:\/\/www.facebook.com\/abna1305\",\"https:\/\/www.instagram.com\/abnaoff\/\"]}]}<\/script>\n<!-- \/ Yoast SEO plugin. -->","yoast_head_json":{"title":"Sweat Kangourou - ABNA","robots":{"index":"index","follow":"follow","max-snippet":"max-snippet:-1","max-image-preview":"max-image-preview:large","max-video-preview":"max-video-preview:-1"},"canonical":"https:\/\/abna.fr\/?product=coupe-vent-kangourou","og_locale":"fr_FR","og_type":"article","og_title":"Sweat Kangourou - ABNA","og_description":"Si vous avez besoin de changer du sweat \u00e0 capuche classique, c&#8217;est exactement ce que vous recherchez \u2013 cordon de serrage \u00e0 la taille, sa poche kangourou sur la poitrine et sa capuche avec un col int\u00e9rieur, ce sweat \u00e0 capuche ressemble \u00e0 un coupe vent classique. Le m\u00e9lange de coton est doux et tr\u00e8s &hellip; Sweat Kangourou Lire la suite\u00a0\u00bb","og_url":"https:\/\/abna.fr\/?product=coupe-vent-kangourou","og_site_name":"ABNA","article_publisher":"https:\/\/www.facebook.com\/abna1305","article_modified_time":"2026-01-31T17:45:44+00:00","og_image":[{"width":1200,"height":1600,"url":"https:\/\/abna.fr\/wp-content\/uploads\/2022\/09\/image00033.jpeg","type":"image\/jpeg"}],"twitter_card":"summary_large_image","twitter_misc":{"Dur\u00e9e de lecture estim\u00e9e":"1 minute"},"schema":{"@context":"https:\/\/schema.org","@graph":[{"@type":"WebPage","@id":"https:\/\/abna.fr\/?product=coupe-vent-kangourou","url":"https:\/\/abna.fr\/?product=coupe-vent-kangourou","name":"Sweat Kangourou - ABNA","isPartOf":{"@id":"https:\/\/abna.fr\/#website"},"primaryImageOfPage":{"@id":"https:\/\/abna.fr\/?product=coupe-vent-kangourou#primaryimage"},"image":{"@id":"https:\/\/abna.fr\/?product=coupe-vent-kangourou#primaryimage"},"thumbnailUrl":"https:\/\/abna.fr\/wp-content\/uploads\/2022\/09\/image00033.jpeg","datePublished":"2022-10-23T12:34:16+00:00","dateModified":"2026-01-31T17:45:44+00:00","breadcrumb":{"@id":"https:\/\/abna.fr\/?product=coupe-vent-kangourou#breadcrumb"},"inLanguage":"fr-FR","potentialAction":[{"@type":"ReadAction","target":["https:\/\/abna.fr\/?product=coupe-vent-kangourou"]}]},{"@type":"ImageObject","inLanguage":"fr-FR","@id":"https:\/\/abna.fr\/?product=coupe-vent-kangourou#primaryimage","url":"https:\/\/abna.fr\/wp-content\/uploads\/2022\/09\/image00033.jpeg","contentUrl":"https:\/\/abna.fr\/wp-content\/uploads\/2022\/09\/image00033.jpeg","width":1200,"height":1600},{"@type":"BreadcrumbList","@id":"https:\/\/abna.fr\/?product=coupe-vent-kangourou#breadcrumb","itemListElement":[{"@type":"ListItem","position":1,"name":"Accueil","item":"https:\/\/abna.fr\/"},{"@type":"ListItem","position":2,"name":"Produits","item":"https:\/\/abna.fr\/?post_type=product"},{"@type":"ListItem","position":3,"name":"Sweat Kangourou"}]},{"@type":"WebSite","@id":"https:\/\/abna.fr\/#website","url":"https:\/\/abna.fr\/","name":"ABNA","description":"ABNA est une marque de v\u00eatements fran\u00e7aise garantissant des textiles de qualit\u00e9.","publisher":{"@id":"https:\/\/abna.fr\/#organization"},"potentialAction":[{"@type":"SearchAction","target":{"@type":"EntryPoint","urlTemplate":"https:\/\/abna.fr\/?s={search_term_string}"},"query-input":{"@type":"PropertyValueSpecification","valueRequired":true,"valueName":"search_term_string"}}],"inLanguage":"fr-FR"},{"@type":"Organization","@id":"https:\/\/abna.fr\/#organization","name":"ABNA","url":"https:\/\/abna.fr\/","logo":{"@type":"ImageObject","inLanguage":"fr-FR","@id":"https:\/\/abna.fr\/#\/schema\/logo\/image\/","url":"https:\/\/abna.fr\/wp-content\/uploads\/2020\/10\/logofinalprot\u00e9g\u00e9.png","contentUrl":"https:\/\/abna.fr\/wp-content\/uploads\/2020\/10\/logofinalprot\u00e9g\u00e9.png","width":3914,"height":3819,"caption":"ABNA"},"image":{"@id":"https:\/\/abna.fr\/#\/schema\/logo\/image\/"},"sameAs":["https:\/\/www.facebook.com\/abna1305","https:\/\/www.instagram.com\/abnaoff\/"]}]}},"_links":{"self":[{"href":"https:\/\/abna.fr\/index.php?rest_route=\/wp\/v3\/product\/855","targetHints":{"allow":["GET"]}}],"collection":[{"href":"https:\/\/abna.fr\/index.php?rest_route=\/wp\/v3\/product"}],"about":[{"href":"https:\/\/abna.fr\/index.php?rest_route=\/wp\/v2\/types\/product"}],"replies":[{"embeddable":true,"href":"https:\/\/abna.fr\/index.php?rest_route=%2Fwp%2Fv2%2Fcomments&post=855"}],"wp:featuredmedia":[{"embeddable":true,"href":"https:\/\/abna.fr\/index.php?rest_route=\/wp\/v2\/media\/687"}],"wp:attachment":[{"href":"https:\/\/abna.fr\/index.php?rest_route=%2Fwp%2Fv2%2Fmedia&parent=855"}],"wp:term":[{"taxonomy":"product_cat","embeddable":true,"href":"https:\/\/abna.fr\/index.php?rest_route=%2Fwp%2Fv2%2Fproduct_cat&post=855"},{"taxonomy":"product_tag","embeddable":true,"href":"https:\/\/abna.fr\/index.php?rest_route=%2Fwp%2Fv2%2Fproduct_tag&post=855"}],"curies":[{"name":"wp","href":"https:\/\/api.w.org\/{rel}","templated":true}]}}