{"id":870,"date":"2022-10-25T19:11:39","date_gmt":"2022-10-25T17:11:39","guid":{"rendered":"https:\/\/abna.fr\/?post_type=product&#038;p=870"},"modified":"2024-11-10T17:13:21","modified_gmt":"2024-11-10T16:13:21","slug":"coupe-vent-femme-eog","status":"publish","type":"product","link":"https:\/\/abna.fr\/?product=coupe-vent-femme-eog","title":{"rendered":"Coupe-vent femme Eog"},"content":{"rendered":"<p><span style=\"font-weight: 400;\">D\u00e9couvrez un coupe-vent pour femme, sportif et fonctionnel, qui pla\u00eet avec une simplicit\u00e9 raffin\u00e9e. \u00c9quip\u00e9 de poignets larges et d&#8217;une doublure douillette en taffetas et filet, il est assez confortable \u00e0 porter. Ajuster la capuche du coupe-vent rapidement et facilement gr\u00e2ce \u00e0 la fermeture \u00e0 cordon. Le look d\u00e9contract\u00e9 est compl\u00e9t\u00e9 par une fermeture glissi\u00e8re De plus, le coupe-vent devient raffin\u00e9 par sa broderie du logo au niveau du c\u0153ur.<\/span><span style=\"font-weight: 400;\"><br \/>\n<\/span><\/p>\n","protected":false},"excerpt":{"rendered":"<p>D\u00e9couvrez un coupe-vent pour femme, sportif et fonctionnel, qui pla\u00eet avec une simplicit\u00e9 raffin\u00e9e. \u00c9quip\u00e9 de poignets larges et d&#8217;une doublure douillette en taffetas et filet, il est assez confortable \u00e0 porter. Ajuster la capuche du coupe-vent rapidement et facilement gr\u00e2ce \u00e0 la fermeture \u00e0 cordon. Le look d\u00e9contract\u00e9 est compl\u00e9t\u00e9 par une fermeture glissi\u00e8re &hellip;<\/p>\n<p class=\"read-more\"> <a class=\"\" href=\"https:\/\/abna.fr\/?product=coupe-vent-femme-eog\"> <span class=\"screen-reader-text\">Coupe-vent femme Eog<\/span> Lire la suite\u00a0\u00bb<\/a><\/p>\n","protected":false},"featured_media":1025,"comment_status":"open","ping_status":"closed","template":"","meta":{"_monsterinsights_skip_tracking":false,"_monsterinsights_sitenote_active":false,"_monsterinsights_sitenote_note":"","_monsterinsights_sitenote_category":0,"site-sidebar-layout":"default","site-content-layout":"default","ast-global-header-display":"","ast-main-header-display":"","ast-hfb-above-header-display":"","ast-hfb-below-header-display":"","ast-hfb-mobile-header-display":"","site-post-title":"","ast-breadcrumbs-content":"disabled","ast-featured-img":"","footer-sml-layout":"","theme-transparent-header-meta":"default","adv-header-id-meta":"","stick-header-meta":"","header-above-stick-meta":"","header-main-stick-meta":"","header-below-stick-meta":""},"product_cat":[35],"product_tag":[],"class_list":{"0":"post-870","1":"product","2":"type-product","3":"status-publish","4":"has-post-thumbnail","6":"product_cat-collection-2023","7":"desktop-align-left","8":"tablet-align-left","9":"mobile-align-left","11":"first","12":"instock","13":"shipping-taxable","14":"purchasable","15":"product-type-simple"},"yoast_head":"<!-- This site is optimized with the Yoast SEO plugin v24.9 - https:\/\/yoast.com\/wordpress\/plugins\/seo\/ -->\n<title>Coupe-vent femme Eog - ABNA<\/title>\n<meta name=\"robots\" content=\"index, follow, max-snippet:-1, max-image-preview:large, max-video-preview:-1\" \/>\n<link rel=\"canonical\" href=\"https:\/\/abna.fr\/?product=coupe-vent-femme-eog\" \/>\n<meta property=\"og:locale\" content=\"fr_FR\" \/>\n<meta property=\"og:type\" content=\"article\" \/>\n<meta property=\"og:title\" content=\"Coupe-vent femme Eog - ABNA\" \/>\n<meta property=\"og:description\" content=\"D\u00e9couvrez un coupe-vent pour femme, sportif et fonctionnel, qui pla\u00eet avec une simplicit\u00e9 raffin\u00e9e. \u00c9quip\u00e9 de poignets larges et d&#8217;une doublure douillette en taffetas et filet, il est assez confortable \u00e0 porter. Ajuster la capuche du coupe-vent rapidement et facilement gr\u00e2ce \u00e0 la fermeture \u00e0 cordon. Le look d\u00e9contract\u00e9 est compl\u00e9t\u00e9 par une fermeture glissi\u00e8re &hellip; Coupe-vent femme Eog Lire la suite\u00a0\u00bb\" \/>\n<meta property=\"og:url\" content=\"https:\/\/abna.fr\/?product=coupe-vent-femme-eog\" \/>\n<meta property=\"og:site_name\" content=\"ABNA\" \/>\n<meta property=\"article:publisher\" content=\"https:\/\/www.facebook.com\/abna1305\" \/>\n<meta property=\"article:modified_time\" content=\"2024-11-10T16:13:21+00:00\" \/>\n<meta property=\"og:image\" content=\"https:\/\/abna.fr\/wp-content\/uploads\/2022\/10\/image00002.jpeg\" \/>\n\t<meta property=\"og:image:width\" content=\"1440\" \/>\n\t<meta property=\"og:image:height\" content=\"1799\" \/>\n\t<meta property=\"og:image:type\" content=\"image\/jpeg\" \/>\n<meta name=\"twitter:card\" content=\"summary_large_image\" \/>\n<meta name=\"twitter:label1\" content=\"Dur\u00e9e de lecture estim\u00e9e\" \/>\n\t<meta name=\"twitter:data1\" content=\"1 minute\" \/>\n<script type=\"application\/ld+json\" class=\"yoast-schema-graph\">{\"@context\":\"https:\/\/schema.org\",\"@graph\":[{\"@type\":\"WebPage\",\"@id\":\"https:\/\/abna.fr\/?product=coupe-vent-femme-eog\",\"url\":\"https:\/\/abna.fr\/?product=coupe-vent-femme-eog\",\"name\":\"Coupe-vent femme Eog - ABNA\",\"isPartOf\":{\"@id\":\"https:\/\/abna.fr\/#website\"},\"primaryImageOfPage\":{\"@id\":\"https:\/\/abna.fr\/?product=coupe-vent-femme-eog#primaryimage\"},\"image\":{\"@id\":\"https:\/\/abna.fr\/?product=coupe-vent-femme-eog#primaryimage\"},\"thumbnailUrl\":\"https:\/\/abna.fr\/wp-content\/uploads\/2022\/10\/image00002.jpeg\",\"datePublished\":\"2022-10-25T17:11:39+00:00\",\"dateModified\":\"2024-11-10T16:13:21+00:00\",\"breadcrumb\":{\"@id\":\"https:\/\/abna.fr\/?product=coupe-vent-femme-eog#breadcrumb\"},\"inLanguage\":\"fr-FR\",\"potentialAction\":[{\"@type\":\"ReadAction\",\"target\":[\"https:\/\/abna.fr\/?product=coupe-vent-femme-eog\"]}]},{\"@type\":\"ImageObject\",\"inLanguage\":\"fr-FR\",\"@id\":\"https:\/\/abna.fr\/?product=coupe-vent-femme-eog#primaryimage\",\"url\":\"https:\/\/abna.fr\/wp-content\/uploads\/2022\/10\/image00002.jpeg\",\"contentUrl\":\"https:\/\/abna.fr\/wp-content\/uploads\/2022\/10\/image00002.jpeg\",\"width\":1440,\"height\":1799},{\"@type\":\"BreadcrumbList\",\"@id\":\"https:\/\/abna.fr\/?product=coupe-vent-femme-eog#breadcrumb\",\"itemListElement\":[{\"@type\":\"ListItem\",\"position\":1,\"name\":\"Accueil\",\"item\":\"https:\/\/abna.fr\/\"},{\"@type\":\"ListItem\",\"position\":2,\"name\":\"Produits\",\"item\":\"https:\/\/abna.fr\/?post_type=product\"},{\"@type\":\"ListItem\",\"position\":3,\"name\":\"Coupe-vent femme Eog\"}]},{\"@type\":\"WebSite\",\"@id\":\"https:\/\/abna.fr\/#website\",\"url\":\"https:\/\/abna.fr\/\",\"name\":\"ABNA\",\"description\":\"ABNA est une marque de v\u00eatements fran\u00e7aise garantissant des textiles de qualit\u00e9.\",\"publisher\":{\"@id\":\"https:\/\/abna.fr\/#organization\"},\"potentialAction\":[{\"@type\":\"SearchAction\",\"target\":{\"@type\":\"EntryPoint\",\"urlTemplate\":\"https:\/\/abna.fr\/?s={search_term_string}\"},\"query-input\":{\"@type\":\"PropertyValueSpecification\",\"valueRequired\":true,\"valueName\":\"search_term_string\"}}],\"inLanguage\":\"fr-FR\"},{\"@type\":\"Organization\",\"@id\":\"https:\/\/abna.fr\/#organization\",\"name\":\"ABNA\",\"url\":\"https:\/\/abna.fr\/\",\"logo\":{\"@type\":\"ImageObject\",\"inLanguage\":\"fr-FR\",\"@id\":\"https:\/\/abna.fr\/#\/schema\/logo\/image\/\",\"url\":\"https:\/\/abna.fr\/wp-content\/uploads\/2020\/10\/logofinalprot\u00e9g\u00e9.png\",\"contentUrl\":\"https:\/\/abna.fr\/wp-content\/uploads\/2020\/10\/logofinalprot\u00e9g\u00e9.png\",\"width\":3914,\"height\":3819,\"caption\":\"ABNA\"},\"image\":{\"@id\":\"https:\/\/abna.fr\/#\/schema\/logo\/image\/\"},\"sameAs\":[\"https:\/\/www.facebook.com\/abna1305\",\"https:\/\/www.instagram.com\/abnaoff\/\"]}]}<\/script>\n<!-- \/ Yoast SEO plugin. -->","yoast_head_json":{"title":"Coupe-vent femme Eog - ABNA","robots":{"index":"index","follow":"follow","max-snippet":"max-snippet:-1","max-image-preview":"max-image-preview:large","max-video-preview":"max-video-preview:-1"},"canonical":"https:\/\/abna.fr\/?product=coupe-vent-femme-eog","og_locale":"fr_FR","og_type":"article","og_title":"Coupe-vent femme Eog - ABNA","og_description":"D\u00e9couvrez un coupe-vent pour femme, sportif et fonctionnel, qui pla\u00eet avec une simplicit\u00e9 raffin\u00e9e. \u00c9quip\u00e9 de poignets larges et d&#8217;une doublure douillette en taffetas et filet, il est assez confortable \u00e0 porter. Ajuster la capuche du coupe-vent rapidement et facilement gr\u00e2ce \u00e0 la fermeture \u00e0 cordon. Le look d\u00e9contract\u00e9 est compl\u00e9t\u00e9 par une fermeture glissi\u00e8re &hellip; Coupe-vent femme Eog Lire la suite\u00a0\u00bb","og_url":"https:\/\/abna.fr\/?product=coupe-vent-femme-eog","og_site_name":"ABNA","article_publisher":"https:\/\/www.facebook.com\/abna1305","article_modified_time":"2024-11-10T16:13:21+00:00","og_image":[{"width":1440,"height":1799,"url":"https:\/\/abna.fr\/wp-content\/uploads\/2022\/10\/image00002.jpeg","type":"image\/jpeg"}],"twitter_card":"summary_large_image","twitter_misc":{"Dur\u00e9e de lecture estim\u00e9e":"1 minute"},"schema":{"@context":"https:\/\/schema.org","@graph":[{"@type":"WebPage","@id":"https:\/\/abna.fr\/?product=coupe-vent-femme-eog","url":"https:\/\/abna.fr\/?product=coupe-vent-femme-eog","name":"Coupe-vent femme Eog - ABNA","isPartOf":{"@id":"https:\/\/abna.fr\/#website"},"primaryImageOfPage":{"@id":"https:\/\/abna.fr\/?product=coupe-vent-femme-eog#primaryimage"},"image":{"@id":"https:\/\/abna.fr\/?product=coupe-vent-femme-eog#primaryimage"},"thumbnailUrl":"https:\/\/abna.fr\/wp-content\/uploads\/2022\/10\/image00002.jpeg","datePublished":"2022-10-25T17:11:39+00:00","dateModified":"2024-11-10T16:13:21+00:00","breadcrumb":{"@id":"https:\/\/abna.fr\/?product=coupe-vent-femme-eog#breadcrumb"},"inLanguage":"fr-FR","potentialAction":[{"@type":"ReadAction","target":["https:\/\/abna.fr\/?product=coupe-vent-femme-eog"]}]},{"@type":"ImageObject","inLanguage":"fr-FR","@id":"https:\/\/abna.fr\/?product=coupe-vent-femme-eog#primaryimage","url":"https:\/\/abna.fr\/wp-content\/uploads\/2022\/10\/image00002.jpeg","contentUrl":"https:\/\/abna.fr\/wp-content\/uploads\/2022\/10\/image00002.jpeg","width":1440,"height":1799},{"@type":"BreadcrumbList","@id":"https:\/\/abna.fr\/?product=coupe-vent-femme-eog#breadcrumb","itemListElement":[{"@type":"ListItem","position":1,"name":"Accueil","item":"https:\/\/abna.fr\/"},{"@type":"ListItem","position":2,"name":"Produits","item":"https:\/\/abna.fr\/?post_type=product"},{"@type":"ListItem","position":3,"name":"Coupe-vent femme Eog"}]},{"@type":"WebSite","@id":"https:\/\/abna.fr\/#website","url":"https:\/\/abna.fr\/","name":"ABNA","description":"ABNA est une marque de v\u00eatements fran\u00e7aise garantissant des textiles de qualit\u00e9.","publisher":{"@id":"https:\/\/abna.fr\/#organization"},"potentialAction":[{"@type":"SearchAction","target":{"@type":"EntryPoint","urlTemplate":"https:\/\/abna.fr\/?s={search_term_string}"},"query-input":{"@type":"PropertyValueSpecification","valueRequired":true,"valueName":"search_term_string"}}],"inLanguage":"fr-FR"},{"@type":"Organization","@id":"https:\/\/abna.fr\/#organization","name":"ABNA","url":"https:\/\/abna.fr\/","logo":{"@type":"ImageObject","inLanguage":"fr-FR","@id":"https:\/\/abna.fr\/#\/schema\/logo\/image\/","url":"https:\/\/abna.fr\/wp-content\/uploads\/2020\/10\/logofinalprot\u00e9g\u00e9.png","contentUrl":"https:\/\/abna.fr\/wp-content\/uploads\/2020\/10\/logofinalprot\u00e9g\u00e9.png","width":3914,"height":3819,"caption":"ABNA"},"image":{"@id":"https:\/\/abna.fr\/#\/schema\/logo\/image\/"},"sameAs":["https:\/\/www.facebook.com\/abna1305","https:\/\/www.instagram.com\/abnaoff\/"]}]}},"_links":{"self":[{"href":"https:\/\/abna.fr\/index.php?rest_route=\/wp\/v3\/product\/870","targetHints":{"allow":["GET"]}}],"collection":[{"href":"https:\/\/abna.fr\/index.php?rest_route=\/wp\/v3\/product"}],"about":[{"href":"https:\/\/abna.fr\/index.php?rest_route=\/wp\/v2\/types\/product"}],"replies":[{"embeddable":true,"href":"https:\/\/abna.fr\/index.php?rest_route=%2Fwp%2Fv2%2Fcomments&post=870"}],"wp:featuredmedia":[{"embeddable":true,"href":"https:\/\/abna.fr\/index.php?rest_route=\/wp\/v2\/media\/1025"}],"wp:attachment":[{"href":"https:\/\/abna.fr\/index.php?rest_route=%2Fwp%2Fv2%2Fmedia&parent=870"}],"wp:term":[{"taxonomy":"product_cat","embeddable":true,"href":"https:\/\/abna.fr\/index.php?rest_route=%2Fwp%2Fv2%2Fproduct_cat&post=870"},{"taxonomy":"product_tag","embeddable":true,"href":"https:\/\/abna.fr\/index.php?rest_route=%2Fwp%2Fv2%2Fproduct_tag&post=870"}],"curies":[{"name":"wp","href":"https:\/\/api.w.org\/{rel}","templated":true}]}}